{"id":74,"date":"2018-05-07T20:16:06","date_gmt":"2018-05-07T19:16:06","guid":{"rendered":"https:\/\/trashdump.net\/?page_id=74"},"modified":"2018-05-07T20:40:18","modified_gmt":"2018-05-07T19:40:18","slug":"auf-ein-wort","status":"publish","type":"page","link":"https:\/\/trashdump.net\/","title":{"rendered":"Auf ein Wort &#8230;"},"content":{"rendered":"<p>Wie oft kommt es vor, dass einen etwas eine Weile besch\u00e4ftigt und man hin und her werkelt um etwas hin zu bekommen. Dann hat man endlich die L\u00f6sung. Oft auch eine sehr einfache, die nicht erkennbar ist, weil man zu kompliziert denkt, Nachdem man es endlich geschafft hat ist man dann auch schnell dabei alles wieder beiseite zu schieben und es versinkt im Berg der erledigten und teilerledigten Dinge, die an Wichtigkeit verlieren, sobald sie sich offenbart haben.<\/p>\n<p>Wochen oder gar Monate sp\u00e4ter kommt man an einen Punkt und stolpert \u00fcber ein altes Problem, dass doch bereits irgendwann mal gel\u00f6st war. &#8230; Aber wie war das nochmal genau.<\/p>\n<p>F\u00fcr genau diese F\u00e4lle hoffe ich, dass der Blog Trash Dump (M\u00fcllhalde) eine Anlaufstelle bietet. Ich betreibe diese Webseite f\u00fcr <strong>mich<\/strong> und speichere somit in erster Linie Themen aus, die <strong>mich<\/strong> besch\u00e4ftig(t)en.<\/p>\n<p>Zu finden sind (werden sein) hier abgelegte Themen, die abgeschlossen sind oder an Wichtigkeit verloren haben. Und \u00e4hnlich wie auf einer M\u00fcllhalde m\u00f6gen den einen M\u00fcll ja vielleicht auch die Sch\u00e4tze eines anderen sein.<\/p>\n<p>In diesem Sinne w\u00fcnsche ich allen (und nicht zuletzt mir selber) viel Spass beim st\u00f6bern.<\/p>\n","protected":false},"excerpt":{"rendered":"<p>Wie oft kommt es vor, dass einen etwas eine Weile besch\u00e4ftigt und man hin und her werkelt um etwas hin zu bekommen. Dann hat man endlich die L\u00f6sung. Oft auch eine sehr einfache, die nicht erkennbar ist, weil man zu kompliziert denkt, Nachdem man es endlich geschafft hat ist man dann auch schnell dabei alles [&hellip;]<\/p>\n","protected":false},"author":1,"featured_media":0,"parent":0,"menu_order":0,"comment_status":"closed","ping_status":"closed","template":"","meta":{"footnotes":""},"class_list":["post-74","page","type-page","status-publish","hentry"],"_links":{"self":[{"href":"https:\/\/trashdump.net\/index.php?rest_route=\/wp\/v2\/pages\/74"}],"collection":[{"href":"https:\/\/trashdump.net\/index.php?rest_route=\/wp\/v2\/pages"}],"about":[{"href":"https:\/\/trashdump.net\/index.php?rest_route=\/wp\/v2\/types\/page"}],"author":[{"embeddable":true,"href":"https:\/\/trashdump.net\/index.php?rest_route=\/wp\/v2\/users\/1"}],"replies":[{"embeddable":true,"href":"https:\/\/trashdump.net\/index.php?rest_route=%2Fwp%2Fv2%2Fcomments&post=74"}],"version-history":[{"count":4,"href":"https:\/\/trashdump.net\/index.php?rest_route=\/wp\/v2\/pages\/74\/revisions"}],"predecessor-version":[{"id":87,"href":"https:\/\/trashdump.net\/index.php?rest_route=\/wp\/v2\/pages\/74\/revisions\/87"}],"wp:attachment":[{"href":"https:\/\/trashdump.net\/index.php?rest_route=%2Fwp%2Fv2%2Fmedia&parent=74"}],"curies":[{"name":"wp","href":"https:\/\/api.w.org\/{rel}","templated":true}]}}